{"id":2442,"date":"2023-08-03T09:41:39","date_gmt":"2023-08-03T07:41:39","guid":{"rendered":"https:\/\/formigonsvilanova.com\/politica-de-privacitat\/"},"modified":"2023-10-11T10:15:39","modified_gmt":"2023-10-11T08:15:39","slug":"politica-de-privacitat","status":"publish","type":"page","link":"https:\/\/formigonsvilanova.com\/es\/politica-de-privacitat\/","title":{"rendered":"Pol\u00edtica de Privacitat"},"content":{"rendered":"<div class=\"fusion-fullwidth fullwidth-box fusion-builder-row-1 fusion-flex-container nonhundred-percent-fullwidth non-hundred-percent-height-scrolling\" style=\"--awb-border-radius-top-left:0px;--awb-border-radius-top-right:0px;--awb-border-radius-bottom-right:0px;--awb-border-radius-bottom-left:0px;--awb-flex-wrap:wrap;\" ><div class=\"fusion-builder-row fusion-row fusion-flex-align-items-flex-start fusion-flex-content-wrap\" style=\"max-width:1248px;margin-left: calc(-4% \/ 2 );margin-right: calc(-4% \/ 2 );\"><div class=\"fusion-layout-column fusion_builder_column fusion-builder-column-0 fusion_builder_column_1_1 1_1 fusion-flex-column\" style=\"--awb-bg-size:cover;--awb-width-large:100%;--awb-margin-top-large:0px;--awb-spacing-right-large:1.92%;--awb-margin-bottom-large:0px;--awb-spacing-left-large:1.92%;--awb-width-medium:100%;--awb-spacing-right-medium:1.92%;--awb-spacing-left-medium:1.92%;--awb-width-small:100%;--awb-spacing-right-small:1.92%;--awb-spacing-left-small:1.92%;\"><div class=\"fusion-column-wrapper fusion-flex-justify-content-flex-start fusion-content-layout-column\"><div class=\"fusion-text fusion-text-1\"><p>Pol\u00edtica de privacitat i protecci\u00f3 de dades del lloc web formigonsvilanova.com<\/p>\n<p>Respectant el que estableix la legislaci\u00f3 vigent, EXCAVACIONS GRUES I FORMIGONS VILANOVA S.L. (en endavant, tamb\u00e9 Lloc Web formigonsvilanova.com) es compromet a adoptar les mesures t\u00e8cniques i organitzatives necess\u00e0ries, segons el nivell de seguretat adequat al risc de les dades recollides.<\/p>\n<p>Lleis que incorpora aquesta pol\u00edtica de privacitat<\/p>\n<p>Aquesta pol\u00edtica de privacitat est\u00e0 adaptada a la normativa espanyola i europea vigent en mat\u00e8ria de protecci\u00f3 de dades personals a internet. En concret, la mateixa respecta les normes seg\u00fcents:<\/p>\n<p>El Reglament (UE) 2016\/679 del Parlament Europeu i del Consell, de 27 d\u2019abril de 2016, relatiu a la protecci\u00f3 de les persones f\u00edsiques pel que fa al tractament de dades personals i a la lliure circulaci\u00f3 d\u2019aquestesdades (RGPD).<br \/>\nLa Llei Org\u00e0nica 3\/2018, de 5 de desembre, de Protecci\u00f3 de Dades Personals i garantia dels drets digitals(LOPD-GDD).<br \/>\nEl Reial Decret 1720\/2007, de 21 de desembre, pel qual s\u2019aprova el Reglament de desplegament de la Llei Org\u00e0nica 15\/1999, de 13 de desembre, de Protecci\u00f3 de Dades de Car\u00e0cter Personal(RDLOPD).<br \/>\nLa Llei 34\/2002, d\u201911 de juliol, de Serveis de la Societat de la Informaci\u00f3 i de Comer\u00e7 Electr\u00f2nic (LSSI-CE).<\/p>\n<p>Identitat del responsable del tractament de les dades personals<\/p>\n<p>El responsable del tractament de les dades personals recollides a www.formigonsvilanova.com \u00e9s: EXCAVACIONS GRUES I FORMIGONS VILANOVA S.L., amb NIF: B60432135 (en endavant, Responsable del tractament). Les seves dades de contacte s\u00f3n les seg\u00fcents:<\/p>\n<p>Adre\u00e7a: Av. Montserrat, 7 08711 \u00d2dena \u2013 Barcelona Tel\u00e8fon de contacte: 93 806 05 52<\/p>\n<p>Email de contacte: info@excavacions-vila-cami.com<\/p>\n<p>Registre de Dades de Car\u00e0cter Personal<\/p>\n<p>En compliment del que estableix el RGPD i la LOPD-GDD, li informem que les dades personals recaptades per EXCAVACIONS GRUES I FORMIGONS VILANOVA S.L. (Formigons Vilanova), mitjan\u00e7ant els formularis estesos a les seves p\u00e0gines quedaran incorporades i seran tractades al nostre fitxer per tal de poder facilitar, agilitzar i complir els compromisos establerts entre EXCAVACIONS GRUES I FORMIGONS VILANOVA S.L. i l\u2019Usuari o el manteniment de la relaci\u00f3 que s\u2019estableixi en els formularis que aquest omple, o per atendre\u2019n una sol\u00b7licitud o consulta .<\/p>\n<p>Aix\u00ed mateix, de conformitat amb el que preveu el RGPD i la LOPD-GDD, llevat que sigui d\u2019 aplicaci\u00f3 l\u2019 excepci\u00f3 prevista a l\u2019 article 30.5 del RGPD, es mant\u00e9 un registre d\u2019 activitats de tractament que especifica, segons les seves finalitats, les activitats de tractament dutes a terme i les altres circumst\u00e0ncies establertes en el RGPD.<\/p>\n<p><strong>Principis aplicables al tractament de les dades personals<\/strong><\/p>\n<p>El tractament de les dades personals de l\u2019Usuari se sotmetr\u00e0 als seg\u00fcents principis recollits en l\u2019article 5 del RGPD i en l\u2019article 4 i seg\u00fcents de la Llei Org\u00e0nica 3\/2018, de 5 de desembre, de Protecci\u00f3 de Dades Personals i garantia dels drets digitals :<\/p>\n<p>Principi de licitud, lleialtat i transpar\u00e8ncia: es requerir\u00e0 en tot moment el consentiment de l\u2019Usuari pr\u00e8via informaci\u00f3 completament transparent de les finalitats per als quals es recullen les dades personals.<br \/>\nPrincipi de limitaci\u00f3 de la finalitat: les dades personals seran recollides amb finalitats determinades, expl\u00edcites ileg\u00edtimes.<br \/>\nPrincipi de minimitzaci\u00f3 de dades: les dades personals recollides seran \u00fanicament les estrictament necess\u00e0ries en relaci\u00f3 amb les finalitats per a les quals s\u00f3ntractades.<br \/>\nPrincipi d\u2019exactitud: les dades personals han de ser exactes i estar sempre actualitzades.<br \/>\nPrincipi de limitaci\u00f3 del termini de conservaci\u00f3: les dades personals nom\u00e9s seran mantingudes de forma que es permeti la identificaci\u00f3 de l\u2019Usuari durant el temps necessari per a les finalitats del seutractament.<br \/>\nPrincipi d\u2019integritat i confidencialitat: les dades personals seran tractades de manera que es garanteixi la seva seguretat iconfidencialitat.<br \/>\nPrincipi de responsabilitat proactiva: el Responsable del tractament ser\u00e0 responsable d\u2019assegurar que els principis anteriors es compleixen.<\/p>\n<p><strong>Categories de dades personals<\/strong><\/p>\n<p>Les categories de dades que es tracten a EXCAVACIONS GRUES I FORMIGONS VILANOVA S.L. s\u00f3n \u00fanicament dades identificatives. En cap cas, es tracten categories especials de dades personals en el sentit de l\u2019 article 9 del RGPD.<\/p>\n<p><strong>Base legal per al tractament de les dades personals<\/strong><\/p>\n<p>La base legal per al tractament de les dades personals \u00e9s el consentiment per al m\u00e0rqueting i venda de serveis, es compromet a recaptar el consentiment expr\u00e9s i verificable de l\u2019Usuari per al tractament de les seves dades personals per a un o diversos fins espec\u00edfics.<\/p>\n<p>L\u2019Usuari tindr\u00e0 dret a retirar el seu consentiment en qualsevol moment. Ser\u00e0 tan f\u00e0cil retirar el consentiment com donar-lo. Com a regla general, la retirada del consentiment no condicionar\u00e0 amb l\u2019\u00fas del Lloc Web.<\/p>\n<p>En les ocasions en qu\u00e8 l\u2019Usuari hagi de o pugui facilitar les seves dades a trav\u00e9s de formularis per realitzar consultes, sol\u00b7licitar informaci\u00f3 o per motius relacionats amb el contingut del Lloc Web, se l\u2019informar\u00e0 en cas que l\u2019emplenament d\u2019algun d\u2019ells sigui obligat\u00f2ria a causa que aquests siguin imprescindibles per al correcte desenvolupament de l\u2019 operaci\u00f3 realitzada.<\/p>\n<p><strong>Finalitats del tractament a qu\u00e8 es destinen les dades personals<\/strong><\/p>\n<p>Les dades personals s\u00f3n recaptades i gestionades per EXCAVACIONS GRUES I FORMIGONS VILANOVA S.L. amb la finalitat de poder facilitar, agilitzar i complir els compromisos establerts entre el Lloc Web i l\u2019Usuari o el manteniment de la relaci\u00f3 que s\u2019estableixi en els formularis que aquest \u00faltim omple o per atendre una sol\u00b7licitud o consulta.<\/p>\n<p>Igualment, les dades podran ser utilitzades amb una finalitat comercial de personalitzaci\u00f3, operativa i estad\u00edstica, i activitats pr\u00f2pies de l\u2019objecte social, aix\u00ed com per a l\u2019extracci\u00f3, emmagatzematge de dades i estudis de m\u00e0rqueting per adequar el Contingut oferint a l\u2019Usuari, aix\u00ed com millorar la qualitat, funcionament i navegaci\u00f3 pel Lloc Web.<\/p>\n<p>En el moment en qu\u00e8 s\u2019obtinguin les dades personals, s\u2019informar\u00e0 l\u2019Usuari sobre la finalitat o fins espec\u00edfiques del tractament a qu\u00e8 es destinaran les dades personals; \u00e9s a dir, de l\u2019 \u00fas o usos que es donar\u00e0 a la informaci\u00f3 recopilada.<\/p>\n<p>Per\u00edodes de retenci\u00f3 de les dades personals<\/p>\n<p>Les dades personals nom\u00e9s seran retinguts durant el temps m\u00ednim necessari per a les finalitats del seu tractament i, en tot cas, \u00fanicament durant el seg\u00fcent termini: 5 anys, o fins que l\u2019Usuari sol\u00b7liciti la seva supressi\u00f3.<\/p>\n<p>En el moment en qu\u00e8 s\u2019obtinguin les dades personals, s\u2019informar\u00e0 l\u2019Usuari sobre el termini durant el qual es conservaran les dades personals o, quan aix\u00f2 no sigui possible, els criteris utilitzats per determinar aquest termini.<\/p>\n<p><strong>Destinataris de les dades personals<\/strong><\/p>\n<p>Les dades personals de l\u2019Usuari no seran compartides amb tercers.<\/p>\n<p>En qualsevol cas, en el moment en qu\u00e8 s\u2019obtinguin les dades personals, s\u2019informar\u00e0 l\u2019Usuari sobre els destinataris o les categories de destinataris de les dades personals.<\/p>\n<p><strong>Secret i seguretat de les dades personals<\/strong><\/p>\n<p>EXCAVACIONS GRUES I FORMIGONS VILANOVA S.L. es compromet a adoptar les mesures t\u00e8cniques i organitzatives necess\u00e0ries, segons el nivell de seguretat adequat al risc de les dades recollides, de manera que es garanteixi la seguretat de les dades de car\u00e0cter personal i s\u2019eviti la destrucci\u00f3, p\u00e8rdua o alteraci\u00f3 accidental o il\u00b7l\u00edcita de dades personals transmeses, conservades o tractades d\u2019una altra forma, o la comunicaci\u00f3 o acc\u00e9s no autoritzats a aquestes dades.<\/p>\n<p>El Lloc Web compta amb un certificat SSL (Secure Socket Layer), que assegura que les dades personals es transmeten de forma segura i confidencial, en ser la transmissi\u00f3 de les dades entre el servidor i l\u2019Usuari, i en retroalimentaci\u00f3, totalment xifrada o encriptada.<\/p>\n<p>No obstant aix\u00f2, a causa que EXCAVACIONS GRUES I FORMIGONS VILANOVA S.L. no pot garantir la inexpugnabilitat d\u2019internet ni l\u2019abs\u00e8ncia total de hackers o altres que accedeixin de manera fraudulent a les dades personals, el Responsable del tractament es compromet a comunicar a l\u2019Usuari sense dilaci\u00f3 indeguda quan ocorri una violaci\u00f3 de la seguretat de les dades personals que sigui probable que comporti un alt risc per als drets i llibertats de les persones f\u00edsiques. Seguint el que estableix l\u2019article 4 del RGPD, s\u2019ent\u00e9n per violaci\u00f3 de la seguretat de les dades personals tota violaci\u00f3 de la seguretat que ocasioni la destrucci\u00f3, p\u00e8rdua o alteraci\u00f3 accidental o il\u00b7l\u00edcita de dades personals transmeses, conservades o tractades d\u2019una altra forma, o la comunicaci\u00f3 o acc\u00e9s no autoritzats a aquestes dades.<\/p>\n<p>Les dades personals seran tractades com a confidencials pel Responsable del tractament, qui es compromet a informar de i a garantir per mitj\u00e0 d\u2019 una obligaci\u00f3 legal o contractual que l\u2019 esmentada confidencialitat sigui respectada pels seus empleats, associats, i tota persona a la qual li faci accessible la informaci\u00f3.<\/p>\n<p><strong>Drets derivats del tractament de les dades personals<\/strong><\/p>\n<p>La normativa vigent li atorga els drets seg\u00fcents:<\/p>\n<p>Dret d\u2019acc\u00e9s l\u2019Usuari tindr\u00e0 dret a con\u00e8ixer les dades personals que tractem en relaci\u00f3 a la seva persona.<\/p>\n<p>Dret de rectificaci\u00f3 l\u2019Usuari tindr\u00e0 dret a rectificar o completar qualsevol dada que sigui inexacte o incomplet.<\/p>\n<p>Dret de supressi\u00f3 l\u2019Usuari podr\u00e0 sol\u00b7licitar que les seves dades personals siguin suprimides dels nostres sistemes i arxius.<\/p>\n<p>Dret d\u2019oposici\u00f3 l\u2019Usuri podr\u00e0 oposar-se al tractament de les seves dades en relaci\u00f3 a les accions de m\u00e0rqueting directe. Aix\u00ed com per motius personals, llevat que la base del tractament sigui l\u2019 inter\u00e8s leg\u00edtim.<\/p>\n<p>Dret de limitaci\u00f3 del tractament l\u2019Usuari podr\u00e0 sol\u00b7licitar la limitaci\u00f3 del tractament en el cas d\u2019impugne la seva exactitud o quan sigui il\u00b7l\u00edcit i vost\u00e8 s\u2019oposi a la supressi\u00f3 de les seves dades personals i sol\u00b7liciti en el seu lloc la limitaci\u00f3 del seu \u00fas. Tamb\u00e9 quan les dades ja no siguin necess\u00e0ries per al tractament, per\u00f2 vost\u00e8 les necessiti per a la formulaci\u00f3 l\u2019exercici o la defensa de reclamacions. I finalment, quan s\u2019hagi oposat al tractament, mentre es verifica si l\u2018inter\u00e8s leg\u00edtim del responsable preval sobre el de l\u2018interessat.<\/p>\n<p>Dret a la portabilitat de les seves dades l\u2019Usuari tindr\u00e0 dret a obtenir una c\u00f2pia de totes les dades que ens hagi facilitat i quan sigui t\u00e8cnicament possible, tindr\u00e0 dret a demanar que les seves dades personals siguin comunicats a un altre responsable del tractament.<\/p>\n<p>Aix\u00ed doncs, l\u2019Usuari podr\u00e0 exercitar els seus drets mitjan\u00e7ant comunicaci\u00f3 escrita dirigida al Responsable del tractament amb la refer\u00e8ncia \u00abRGPD-www.formigonsvilanova.com\u00bb, especificant:<\/p>\n<p>Nom, cognoms de l\u2019 Usuari i c\u00f2pia del DNI. En els casos en qu\u00e8 s\u2019 admeti la representaci\u00f3, ser\u00e0 tamb\u00e9 necess\u00e0ria la identificaci\u00f3 pel mateix mitj\u00e0 de la persona que representa l\u2019 Usuari, aix\u00ed com el document acreditatiu de la representaci\u00f3. La fotoc\u00f2pia del DNI podr\u00e0 ser substitu\u00efda, per qualsevol altre mitj\u00e0 v\u00e0lid en dret que acrediti laidentitat.<br \/>\nPetici\u00f3 amb els motius espec\u00edfics de la sol\u00b7licitud o informaci\u00f3 a la qual es volaccedir.<br \/>\nDomicili a efecte denotificacions.<br \/>\nData i signatura del sol\u00b7licitant.<br \/>\nTot document que acrediti la petici\u00f3 que formula.<br \/>\nAquesta sol\u00b7licitud i tot altre document adjunt podr\u00e0 enviar-se a la seg\u00fcent adre\u00e7a i\/o correu electr\u00f2nic:<\/p>\n<p>Adre\u00e7a: Av. Montserrat, 7 08711 \u00d2dena \u2013 Barcelona Tel\u00e8fon de contacte: 93 806 05 52<\/p>\n<p><strong>Enlla\u00e7os a llocs web de tercers<\/strong><\/p>\n<p>El Lloc Web pot incloure hipervincles o enlla\u00e7os que permeten accedir a p\u00e0gines web de tercers diferents de EXCAVACIONS GRUES I FORMIGONS VILANOVA S.L. , i que per tant no s\u00f3n operats per EXCAVACIONS GRUES I FORMIGONS VILANOVA S.L. Els titulars d\u2019aquests llocs web disposaran de les seves pr\u00f2pies pol\u00edtiques de protecci\u00f3 de dades, sent ells mateixos, en cada cas, responsables dels seus propis fitxers i de les seves pr\u00f2pies pr\u00e0ctiques de privacitat.<\/p>\n<p><strong>Reclamacions davant l\u2019autoritat de control<\/strong><\/p>\n<p>En cas que l\u2019Usuari consideri que existeix un problema o infracci\u00f3 de la normativa vigent en la forma en qu\u00e8 s\u2019estan tractant les seves dades personals, tindr\u00e0 dret a la tutela judicial efectiva i a presentar una reclamaci\u00f3 davant d\u2019una autoritat de control, en particular, a l\u2019Estat en el qual tingui la seva resid\u00e8ncia habitual, lloc de treball o lloc de la suposada infracci\u00f3. En el cas d\u2019Espanya, l\u2019autoritat de control \u00e9s l\u2019Ag\u00e8ncia Espanyola de Protecci\u00f3 de Dades (https:\/\/ www.aepd.es\/).<\/p>\n<p><strong>ACCEPTACI\u00d3 I CANVIS EN AQUESTA POL\u00cdTICA DE PRIVACITAT<\/strong><\/p>\n<p>Cal que l\u2019Usuari hagi llegit i estigui conforme amb les condicions sobre la protecci\u00f3 de dades de car\u00e0cter personal contingudes en aquesta Pol\u00edtica de Privacitat, aix\u00ed com que accepti el tractament de les seves dades personals perqu\u00e8 el Responsable del tractament pugui procedir al mateix en la forma, durant els terminis i per a les finalitats indicades. L\u2019\u00fas del Lloc Web implicar\u00e0 l\u2019acceptaci\u00f3 de la Pol\u00edtica de Privacitat del mateix.<\/p>\n<p>EXCAVACIONS GRUES I FORMIGONS VILANOVA S.L. compleix amb la normativa aplicable en mat\u00e8ria de privacitat, (en concret, amb el Reglament (UE) 2016\/679 DEL PARLAMENT EUROPEU I DEL CONSELL, de 27 d\u2019abril de 2016, relatiu a la protecci\u00f3 de les persones f\u00edsiques pel que fa al tractament de dades personals i a la lliure circulaci\u00f3 d\u2019aquestes dades i pel qual es deroga la Directiva 95\/46\/CE, i la Llei Org\u00e0nica 3\/2018, de 5 de desembre, de Protecci\u00f3 de Dades Personals i garantia dels drets digitals) i garanteix que les seves dades s\u00f3n tractades de manera l\u00edcita, lleial i transparent en relaci\u00f3 amb l\u2019interessat i adequats, pertinents i limitats al necessari en relaci\u00f3 amb les finalitats per als quals s\u00f3n tractades<\/p>\n<p>Aix\u00ed mateix, li garantim que les dades rebudes seran tractades amb la m\u00e0xima confidencialitat. I hem establert tots els mitjans t\u00e8cnics i organitzatius al nostre abast per evitar la p\u00e8rdua, mal \u00fas, alteraci\u00f3, acc\u00e9s no autoritzat o c\u00f2pia de les dades facilitades.<\/p>\n<p><strong>Cr\u00e8dits<\/strong><\/p>\n<\/div><\/div><\/div><\/div><\/div>\n","protected":false},"excerpt":{"rendered":"","protected":false},"author":1,"featured_media":0,"parent":0,"menu_order":0,"comment_status":"closed","ping_status":"open","template":"","meta":{"footnotes":""},"class_list":["post-2442","page","type-page","status-publish","hentry"],"_links":{"self":[{"href":"https:\/\/formigonsvilanova.com\/es\/wp-json\/wp\/v2\/pages\/2442","targetHints":{"allow":["GET"]}}],"collection":[{"href":"https:\/\/formigonsvilanova.com\/es\/wp-json\/wp\/v2\/pages"}],"about":[{"href":"https:\/\/formigonsvilanova.com\/es\/wp-json\/wp\/v2\/types\/page"}],"author":[{"embeddable":true,"href":"https:\/\/formigonsvilanova.com\/es\/wp-json\/wp\/v2\/users\/1"}],"replies":[{"embeddable":true,"href":"https:\/\/formigonsvilanova.com\/es\/wp-json\/wp\/v2\/comments?post=2442"}],"version-history":[{"count":2,"href":"https:\/\/formigonsvilanova.com\/es\/wp-json\/wp\/v2\/pages\/2442\/revisions"}],"predecessor-version":[{"id":2444,"href":"https:\/\/formigonsvilanova.com\/es\/wp-json\/wp\/v2\/pages\/2442\/revisions\/2444"}],"wp:attachment":[{"href":"https:\/\/formigonsvilanova.com\/es\/wp-json\/wp\/v2\/media?parent=2442"}],"curies":[{"name":"wp","href":"https:\/\/api.w.org\/{rel}","templated":true}]}}