{"id":2434,"date":"2023-08-04T13:14:33","date_gmt":"2023-08-04T11:14:33","guid":{"rendered":"https:\/\/formigonsvilanova.com\/avis-legal\/"},"modified":"2023-10-11T10:13:05","modified_gmt":"2023-10-11T08:13:05","slug":"avis-legal","status":"publish","type":"page","link":"https:\/\/formigonsvilanova.com\/es\/avis-legal\/","title":{"rendered":"Av\u00eds Legal"},"content":{"rendered":"<div class=\"fusion-fullwidth fullwidth-box fusion-builder-row-1 fusion-flex-container nonhundred-percent-fullwidth non-hundred-percent-height-scrolling\" style=\"--awb-border-radius-top-left:0px;--awb-border-radius-top-right:0px;--awb-border-radius-bottom-right:0px;--awb-border-radius-bottom-left:0px;--awb-flex-wrap:wrap;\" ><div class=\"fusion-builder-row fusion-row fusion-flex-align-items-flex-start fusion-flex-content-wrap\" style=\"max-width:1248px;margin-left: calc(-4% \/ 2 );margin-right: calc(-4% \/ 2 );\"><div class=\"fusion-layout-column fusion_builder_column fusion-builder-column-0 fusion_builder_column_1_1 1_1 fusion-flex-column\" style=\"--awb-bg-size:cover;--awb-width-large:100%;--awb-margin-top-large:0px;--awb-spacing-right-large:1.92%;--awb-margin-bottom-large:0px;--awb-spacing-left-large:1.92%;--awb-width-medium:100%;--awb-spacing-right-medium:1.92%;--awb-spacing-left-medium:1.92%;--awb-width-small:100%;--awb-spacing-right-small:1.92%;--awb-spacing-left-small:1.92%;\"><div class=\"fusion-column-wrapper fusion-flex-justify-content-flex-start fusion-content-layout-column\"><div class=\"fusion-text fusion-text-1\"><p><strong>TITULAR DEL WEB<\/strong><\/p>\n<p>Aquest av\u00eds legal recull les condicions generals que regeixen l\u2019acc\u00e9s i l\u2019\u00fas de la p\u00e0gina web www.formigonsvilanova.com, titularitat i propietat de EXCAVACIONS GRUES I FORMIGONS VILANOVA S.L, amb domicili social Av. Montserrat, 7 08711 \u00d2dena, Barcelona, amb tel\u00e8fon de contacte 93 806 05 52, i amb DNI: B60432135 i, mail de contacte info@excavacions-vila-cami.com<\/p>\n<p>Totes les notificacions i comunicacions entre els usuaris i la Propiet\u00e0ria de la Web es consideraran v\u00e0lides amb car\u00e0cter general, quan es realitzin a trav\u00e9s de correu postal o correu electr\u00f2nic.<\/p>\n<p><strong>\u00daS DE LA WEB<\/strong><\/p>\n<p>L\u2019acc\u00e9s i l\u2019\u00fas del Web implica l\u2019acceptaci\u00f3 expressa i plena de totes i cadascuna de les condicions d\u2019\u00fas vigents incloses en aquest Av\u00eds Legal.<\/p>\n<p>L\u2019usuari es compromet a fer \u00fas de la web, tant del contingut com dels serveis que ofereix, de forma adequada. Aquesta obligaci\u00f3 significa utilitzar la p\u00e0gina dacord amb la legislaci\u00f3 que li sigui d\u2019aplicaci\u00f3 i, a no utilitzar la p\u00e0gina per activitats il\u00b7l\u00edcites o contr\u00e0ries a la bona fe o a l\u2019ordre p\u00fablic.<\/p>\n<p>Els usuaris, per tant, accedeixin a la p\u00e0gina web de forma lliure i gratu\u00efta, tot i que EXCAVACIONS GRUES I FORMIGONS VILANOVA S.L. es pot reservar el dret de limitar l\u2019acc\u00e9s a determinats continguts de la p\u00e0gina exigint el registre de les dades de l\u2019usuari per tal que accedeixi a determinats continguts.<\/p>\n<p><strong>DRETS DE LA PROPIETAT INTEL\u00b7LECTUAL<\/strong><\/p>\n<p>EXCAVACIONS GRUES I FORMIGONS VILANOVA S.L. \u00e9s titular de tots els drets de propietat industrial i intel\u00b7lectual de la p\u00e0gina web amb la URL www.formigonsvilanova.com. Aquests drets protegeixen els dissenys gr\u00e0fics, imatges, projectes, i treballs, codi font, continguts i altres elements continguts a la p\u00e0gina web.<\/p>\n<p>Per tant, queda estrictament prohibit modificar, distribuir, reutilitzar o reenviar tot o part del contingut de la p\u00e0gina web amb fins de car\u00e0cter comercial sense l\u2019autoritzaci\u00f3 escrita.<\/p>\n<p>Les actuacions que infringeixin les disposicions anteriors poden constituir una vulneraci\u00f3 dels drets de propietat intel\u00b7lectual i industrial protegits al Text Ref\u00f3s de la Llei de Propietat Intel\u00b7lectual (TRLPI), donant lloc als delictes tipificats en els articles 270 i seg\u00fcents i concordants del Codi Penal vigent.<\/p>\n<p><strong>CONTINGUT DEL WEB<\/strong><\/p>\n<p>Els continguts d\u2019aquest lloc web tenen com a finalitat informaci\u00f3 dels serveis oferts per EXCAVACIONS GRUES I FORMIGONS VILANOVA S.L.<\/p>\n<p><strong>NAVEGACI\u00d3 WEB (COOKIES)<\/strong><\/p>\n<p>Aquest web utilitza galetes i t\u00e9 la seva pol\u00edtica de galetes al peu de p\u00e0gina. Utilitzem cookies pr\u00f2pies per millorar el servei. Les Cookies s\u00f3n fitxers creats al navegador de l\u2019usuari per registrar la seva activitat a la Web Site i permet una navegaci\u00f3 m\u00e9s fluida i personalitzada.<\/p>\n<p>L\u2019usuari pot no acceptar les galetes o configurar el navegador per bloquejar-les i, si es vol, eliminar-les, mitjan\u00e7ant la configuraci\u00f3 de les opcions del navegador instal\u00b7lat al seu ordinador. Per a m\u00e9s informaci\u00f3 llegir <a href=\"https:\/\/formigonsvilanova.com\/es\/politica-de-cookies\/\">Pol\u00edtica de Cookies<\/a>.<\/p>\n<\/div><\/div><\/div><\/div><\/div>\n","protected":false},"excerpt":{"rendered":"","protected":false},"author":1,"featured_media":0,"parent":0,"menu_order":0,"comment_status":"closed","ping_status":"open","template":"","meta":{"footnotes":""},"class_list":["post-2434","page","type-page","status-publish","hentry"],"_links":{"self":[{"href":"https:\/\/formigonsvilanova.com\/es\/wp-json\/wp\/v2\/pages\/2434","targetHints":{"allow":["GET"]}}],"collection":[{"href":"https:\/\/formigonsvilanova.com\/es\/wp-json\/wp\/v2\/pages"}],"about":[{"href":"https:\/\/formigonsvilanova.com\/es\/wp-json\/wp\/v2\/types\/page"}],"author":[{"embeddable":true,"href":"https:\/\/formigonsvilanova.com\/es\/wp-json\/wp\/v2\/users\/1"}],"replies":[{"embeddable":true,"href":"https:\/\/formigonsvilanova.com\/es\/wp-json\/wp\/v2\/comments?post=2434"}],"version-history":[{"count":5,"href":"https:\/\/formigonsvilanova.com\/es\/wp-json\/wp\/v2\/pages\/2434\/revisions"}],"predecessor-version":[{"id":2439,"href":"https:\/\/formigonsvilanova.com\/es\/wp-json\/wp\/v2\/pages\/2434\/revisions\/2439"}],"wp:attachment":[{"href":"https:\/\/formigonsvilanova.com\/es\/wp-json\/wp\/v2\/media?parent=2434"}],"curies":[{"name":"wp","href":"https:\/\/api.w.org\/{rel}","templated":true}]}}